{"id":27475,"date":"2012-11-26T06:30:55","date_gmt":"2012-11-26T05:30:55","guid":{"rendered":"https:\/\/www.deteinco.com\/nosotros\/"},"modified":"2023-02-16T17:35:18","modified_gmt":"2023-02-16T16:35:18","slug":"nosotros","status":"publish","type":"page","link":"https:\/\/www.deteinco.com\/es\/nosotros\/","title":{"rendered":"Nosotros"},"content":{"rendered":"<div class=\"twelve columns \">\nDeteinco es una empresa orientada al servicio al cliente independientemente del tama\u00f1o o volumen del mismo, tanto si es particular o empresa. Nuestro objetivo es que ser accesibles, eficaces y ofrecer siempre unos productos y servicios que se caractericen por su calidad.<br \/>\nActualmente Deteinco est\u00e1 considerada como un referente en cuanto a la calidad de los equipos y servicios proporcionados.\n<\/div>\n<div class=\"spacer\" style=\"height:10px; clear:both; display:block;\">&nbsp;<\/div>\n<div class=\"divider\"><\/div>\n<div class=\"twelve columns \">\n<h5>Historia<\/h5>\n<p>Deteinco se form\u00f3 en 1995 y se especializ\u00f3 en el asesoramiento a empresas para la implantaci\u00f3n de sistemas de calidad seg\u00fan la recopilaci\u00f3n de normas ISO.<\/p>\n<p>En 1998 la empresa ampli\u00f3 su campo de acci\u00f3n y cre\u00f3 una divisi\u00f3n especializada en distribuci\u00f3n y servicios de inform\u00e1tica. As\u00ed, el 13 de junio de 1998, Deteinco abri\u00f3 las puertas de la nueva divisi\u00f3n de inform\u00e1tica en la calle Padre Coll de Vic.<\/p>\n<p>Al mismo 1998 Deteinco entra a formar parte de la cadena de distribuci\u00f3n inform\u00e1tica \u00abEi System\u00bb, adquiriendo as\u00ed el compromiso de ofrecer siempre a sus clientes las \u00faltimas novedades en inform\u00e1tica a precios asequibles y con un asesoramiento profesional y personalizado.<\/p>\n<p>En junio de 2000, ya consolidada, Deteinco comienza su labor en solitario, inaugurando su propia sala de montaje, situada en la segunda planta de las instalaciones de Vic. De esta manera se consigue el control total de las configuraciones y la posibilidad de trabajar directamente con los principales fabricantes del sector.<\/p>\n<p>Durante septiembre de 2001, Deteinco consigue la certificaci\u00f3n ISO 9002 por los \u00e1mbitos de montaje, comercializaci\u00f3n, servicio post venta y servicio t\u00e9cnico de equipos inform\u00e1ticos, fruto del af\u00e1n de la empresa para ofrecer siempre a sus clientes productos y servicios de la m\u00e1s alta calidad.<\/p>\n<p>A principios del a\u00f1o 2003, la marca Deteinco\u00ae y sus logotipos convierten marca registrada. Tambi\u00e9n en noviembre de 2003, la empresa logra la certificaci\u00f3n ISO 9001\/2000.<\/p>\n<p>A principios de 2008, Deteinco reorganiza internamente sus sistemas de calidad y de gesti\u00f3n de la informaci\u00f3n y logra combinar desarrollando su propia metodolog\u00eda, un estricto gesti\u00f3n de calidad con una mayor eficiencia en los procesos.<\/p>\n<\/div>\n<div class=\"spacer\" style=\"height:10px; clear:both; display:block;\">&nbsp;<\/div>\n<div class=\"divider\"><\/div>\n<div class=\"twelve columns \">\n<h5>Quienes somos<\/h5>\n<p>Actualmente Deteinco est\u00e1 compuesta por una plantilla consolidada con amplia experiencia en el sector. Sin embargo, no nos dormimos, nos gusta la inform\u00e1tica y nos apasionan los productos nuevos. Esta inquietud es la que nos empuja en el af\u00e1n de ser l\u00edderes.<\/p>\n<\/div>\n","protected":false},"excerpt":{"rendered":"","protected":false},"author":1,"featured_media":0,"parent":0,"menu_order":40,"comment_status":"closed","ping_status":"closed","template":"","meta":{"footnotes":""},"class_list":["post-27475","page","type-page","status-publish","hentry"],"aioseo_notices":[],"_links":{"self":[{"href":"https:\/\/www.deteinco.com\/es\/wp-json\/wp\/v2\/pages\/27475","targetHints":{"allow":["GET"]}}],"collection":[{"href":"https:\/\/www.deteinco.com\/es\/wp-json\/wp\/v2\/pages"}],"about":[{"href":"https:\/\/www.deteinco.com\/es\/wp-json\/wp\/v2\/types\/page"}],"author":[{"embeddable":true,"href":"https:\/\/www.deteinco.com\/es\/wp-json\/wp\/v2\/users\/1"}],"replies":[{"embeddable":true,"href":"https:\/\/www.deteinco.com\/es\/wp-json\/wp\/v2\/comments?post=27475"}],"version-history":[{"count":1,"href":"https:\/\/www.deteinco.com\/es\/wp-json\/wp\/v2\/pages\/27475\/revisions"}],"predecessor-version":[{"id":34218,"href":"https:\/\/www.deteinco.com\/es\/wp-json\/wp\/v2\/pages\/27475\/revisions\/34218"}],"wp:attachment":[{"href":"https:\/\/www.deteinco.com\/es\/wp-json\/wp\/v2\/media?parent=27475"}],"curies":[{"name":"wp","href":"https:\/\/api.w.org\/{rel}","templated":true}]}}