{"id":27477,"date":"2012-11-26T07:12:14","date_gmt":"2012-11-26T06:12:14","guid":{"rendered":"https:\/\/www.deteinco.com\/servicios\/"},"modified":"2023-02-16T18:32:52","modified_gmt":"2023-02-16T17:32:52","slug":"servicios","status":"publish","type":"page","link":"https:\/\/www.deteinco.com\/es\/servicios\/","title":{"rendered":"Servicios"},"content":{"rendered":"<p>Ofrecemos toda clase de servicios inform\u00e1ticos para particulares y empresas. Nuestro equipo con amplia experiencia y el hecho de mantener contacto directo con los principales fabricantes, nos permiten ofrecer siempre las soluciones que mejor se adapten a cada necesidad.<\/p>\n<div class=\"ask\">Equipos<\/div>\n<div class=\"question\">\n<p>Desde equipos para casa u oficina hasta equipos para gaming, workstations y servidores. Tambi\u00e9n disponemos de un amplio abanico de equipos port\u00e1tiles, tablets y tel\u00e9fonos m\u00f3viles.<br \/>\n<a href=\"es\/servicios\/equipos\/\">M\u00e1s informaci\u00f3n &gt;<\/a><\/p>\n<\/div>\n<div class=\"ask\">Software<\/div>\n<div class=\"question\">\n<p>Trabajamos con los principales fabricantes de software para ofrecer las mejores soluciones para cada sector. Somos especialistas en seguridad y productos antivirus.<br \/>\n<a href=\"es\/servicios\/software\/\">M\u00e1s informaci\u00f3n &gt;<\/a><\/p>\n<\/div>\n<div class=\"ask\">Digital Signage<\/div>\n<div class=\"question\">\n<p>Le asesoramos sobre los productos que mejor se adaptan a sus necesidades y le ofrecemos la posibilidad de realizar la instalaci\u00f3n \u201cllave en mano\u201d.<br \/>\n<a href=\"es\/servicios\/digital-signage\/\">M\u00e1s informaci\u00f3n &gt;<\/a><\/p>\n<\/div>\n<div class=\"ask\">Vigilancia<\/div>\n<div class=\"question\">\n<p>Tanto si quiere proteger su hogar, su comercio o su empresa disponemos del sistema adecuado y los medios para implementarlo.<br \/>\n<a href=\"es\/servicios\/vigilancia\/\">M\u00e1s informaci\u00f3n &gt;<\/a><\/p>\n<\/div>\n<div class=\"ask\">Servicio T\u00e9cnico y Asesoramiento<\/div>\n<div class=\"question\">\n<p>Reparamos, ampliamos y acondicionamos sus equipos y le asesoramos sobre cualquier cuesti\u00f3n de \u00e1mbito inform\u00e1tico.<br \/>\n<a href=\"es\/servicios\/servicio-tecnico-y-asesoramiento\/\">M\u00e1s informaci\u00f3n &gt;<\/a><\/p>\n<\/div>\n<div class=\"ask\">Ingenier\u00eda y Proyectos<\/div>\n<div class=\"question\">\n<p>Realizamos y ejecutamos cualquier tipo de proyecto inform\u00e1tico garantizando el correcto desarrollo de cada una de las fases.<br \/>\n<a href=\"es\/servicios\/ingenieria-y-proyectos\/\">M\u00e1s informaci\u00f3n &gt;<\/a><\/p>\n<\/div>\n","protected":false},"excerpt":{"rendered":"<p>Ofrecemos toda clase de servicios inform\u00e1ticos para particulares y empresas. Nuestro equipo con amplia experiencia y el hecho de mantener contacto directo con los principales fabricantes, nos permiten ofrecer siempre las soluciones que mejor se adapten a cada necesidad.<\/p>\n","protected":false},"author":1,"featured_media":0,"parent":0,"menu_order":20,"comment_status":"open","ping_status":"closed","template":"","meta":{"footnotes":""},"class_list":["post-27477","page","type-page","status-publish","hentry"],"aioseo_notices":[],"_links":{"self":[{"href":"https:\/\/www.deteinco.com\/es\/wp-json\/wp\/v2\/pages\/27477","targetHints":{"allow":["GET"]}}],"collection":[{"href":"https:\/\/www.deteinco.com\/es\/wp-json\/wp\/v2\/pages"}],"about":[{"href":"https:\/\/www.deteinco.com\/es\/wp-json\/wp\/v2\/types\/page"}],"author":[{"embeddable":true,"href":"https:\/\/www.deteinco.com\/es\/wp-json\/wp\/v2\/users\/1"}],"replies":[{"embeddable":true,"href":"https:\/\/www.deteinco.com\/es\/wp-json\/wp\/v2\/comments?post=27477"}],"version-history":[{"count":1,"href":"https:\/\/www.deteinco.com\/es\/wp-json\/wp\/v2\/pages\/27477\/revisions"}],"predecessor-version":[{"id":34864,"href":"https:\/\/www.deteinco.com\/es\/wp-json\/wp\/v2\/pages\/27477\/revisions\/34864"}],"wp:attachment":[{"href":"https:\/\/www.deteinco.com\/es\/wp-json\/wp\/v2\/media?parent=27477"}],"curies":[{"name":"wp","href":"https:\/\/api.w.org\/{rel}","templated":true}]}}