{"id":27481,"date":"2012-11-26T08:31:20","date_gmt":"2012-11-26T07:31:20","guid":{"rendered":"https:\/\/www.deteinco.com\/inici\/"},"modified":"2023-03-27T10:28:58","modified_gmt":"2023-03-27T09:28:58","slug":"inici","status":"publish","type":"page","link":"https:\/\/www.deteinco.com\/es\/","title":{"rendered":"Inicio"},"content":{"rendered":"<div class=\"six columns mobile-two\">\n<div class=box-grey><img decoding=\"async\" class=\"metro-icon alignleft\" src=\"http:\/\/www.deteinco.com\/wp-content\/uploads\/2013\/06\/equips.png\" alt=\"\" \/><\/p>\n<div class=\"indent-left\">\n<h5>Equipos<\/h5>\n<p>Desde equipos para casa u oficina hasta equipos para gaming, workstations y servidores. Tambi\u00e9n disponemos de un amplio abanico de equipos port\u00e1tiles, tablets y tel\u00e9fonos m\u00f3viles.<br \/>\n<a href=\"es\/serveis\/equips\/\">M\u00e1s informaci\u00f3n &gt;<\/a><\/p>\n<\/div>\n<\/div>\n<\/div>\n<div class=\"six columns mobile-two\">\n<div class=box-grey><img decoding=\"async\" class=\"metro-icon alignleft\" src=\"http:\/\/www.deteinco.com\/wp-content\/uploads\/2013\/06\/software.png\" alt=\"\" \/><\/p>\n<div class=\"indent-left\">\n<h5>Software<\/h5>\n<p>Trabajamos con los principales fabricantes de software para ofrecer las mejores soluciones para cada sector. Somos especialistas en seguridad y productos antivirus.<br \/>\n<a href=\"es\/servicios\/software\/\">M\u00e1s informaci\u00f3n &gt;<\/a><\/p>\n<\/div>\n<\/div>\n<\/div>\n<div class=\"six columns mobile-two\">\n<div class=box-grey><img decoding=\"async\" class=\"metro-icon alignleft\" src=\"http:\/\/www.deteinco.com\/wp-content\/uploads\/2013\/06\/signage.png\" alt=\"\" \/><\/p>\n<div class=\"indent-left\">\n<h5>Digital Signage<\/h5>\n<p>Le asesoramos sobre los productos que mejor se adaptan a sus necesidades y le ofrecemos la posibilidad de realizar la instalaci\u00f3n \u00abllave en mano\u00bb.<br \/>\n<a href=\"es\/servicios\/digital-signage\/\">M\u00e1s informaci\u00f3n &gt;<\/a><\/p>\n<\/div>\n<\/div>\n<\/div>\n<div class=\"six columns mobile-two\">\n<div class=box-grey><img decoding=\"async\" class=\"metro-icon alignleft\" src=\"http:\/\/www.deteinco.com\/wp-content\/uploads\/2013\/06\/vigilancia.png\" alt=\"\" \/><\/p>\n<div class=\"indent-left\">\n<h5>Vigilancia<\/h5>\n<p>Tanto si quiere proteger su hogar, su comercio o su empresa disponemos del sistema adecuado y los medios para implementarlo.<br \/>\n<a href=\"es\/servicios\/vigilancia\/\">M\u00e1s informaci\u00f3n &gt;<\/a><\/p>\n<\/div>\n<\/div>\n<\/div>\n<div class=\"six columns mobile-two\">\n<div class=box-grey><img decoding=\"async\" class=\"metro-icon alignleft\" src=\"http:\/\/www.deteinco.com\/wp-content\/uploads\/2013\/06\/s_tecnic.png\" alt=\"\" \/><\/p>\n<div class=\"indent-left\">\n<h5>Servicio T\u00e9cnico y Asesoramiento<\/h5>\n<p>Reparamos, ampliamos y acondicionamos sus equipos y le asesoramos sobre cualquier cuesti\u00f3n de \u00e1mbito inform\u00e1tico.<br \/>\n<a href=\"es\/serveis\/servei-tecnic-i-assessorament\/\">M\u00e1s informaci\u00f3n &gt;<\/a><\/p>\n<\/div>\n<\/div>\n<\/div>\n<div class=\"six columns mobile-two\">\n<div class=box-grey><img decoding=\"async\" class=\"metro-icon alignleft\" src=\"http:\/\/www.deteinco.com\/wp-content\/uploads\/2013\/06\/projectes.png\" alt=\"\" \/><\/p>\n<div class=\"indent-left\">\n<h5>Ingenier\u00eda y Proyectos<\/h5>\n<p>Realizamos y ejecutamos cualquier tipo de proyecto inform\u00e1tico garantizando el correcto desarrollo de cada una de las fases.<br \/>\n<a href=\"es\/serveis\/enginyeria-i-projectes\/\">M\u00e1s informaci\u00f3n &gt;<\/a><\/p>\n<\/div>\n<\/div>\n<\/div>\n<div class=\"spacer\" style=\"height:10px; clear:both; display:block;\">&nbsp;<\/div>\n","protected":false},"excerpt":{"rendered":"","protected":false},"author":1,"featured_media":0,"parent":0,"menu_order":10,"comment_status":"closed","ping_status":"closed","template":"","meta":{"footnotes":""},"class_list":["post-27481","page","type-page","status-publish","hentry"],"aioseo_notices":[],"_links":{"self":[{"href":"https:\/\/www.deteinco.com\/es\/wp-json\/wp\/v2\/pages\/27481","targetHints":{"allow":["GET"]}}],"collection":[{"href":"https:\/\/www.deteinco.com\/es\/wp-json\/wp\/v2\/pages"}],"about":[{"href":"https:\/\/www.deteinco.com\/es\/wp-json\/wp\/v2\/types\/page"}],"author":[{"embeddable":true,"href":"https:\/\/www.deteinco.com\/es\/wp-json\/wp\/v2\/users\/1"}],"replies":[{"embeddable":true,"href":"https:\/\/www.deteinco.com\/es\/wp-json\/wp\/v2\/comments?post=27481"}],"version-history":[{"count":2,"href":"https:\/\/www.deteinco.com\/es\/wp-json\/wp\/v2\/pages\/27481\/revisions"}],"predecessor-version":[{"id":35592,"href":"https:\/\/www.deteinco.com\/es\/wp-json\/wp\/v2\/pages\/27481\/revisions\/35592"}],"wp:attachment":[{"href":"https:\/\/www.deteinco.com\/es\/wp-json\/wp\/v2\/media?parent=27481"}],"curies":[{"name":"wp","href":"https:\/\/api.w.org\/{rel}","templated":true}]}}