{"id":27489,"date":"2013-06-07T16:44:01","date_gmt":"2013-06-07T15:44:01","guid":{"rendered":"https:\/\/www.deteinco.com\/digital-signage\/"},"modified":"2023-02-16T17:43:40","modified_gmt":"2023-02-16T16:43:40","slug":"digital-signage","status":"publish","type":"page","link":"https:\/\/www.deteinco.com\/es\/servicios\/digital-signage\/","title":{"rendered":"Digital Signage"},"content":{"rendered":"<p>Tenemos el compromiso de ofrecer productos punteros en digital signage y ofrecemos soluciones a medida. Nuestros sistemas est\u00e1n compuestos por productos de gama profesional y destacan por una gran fiabilidad y versatilidad, as\u00ed como por una gesti\u00f3n f\u00e1cil, tanto a trav\u00e9s de servidor de contenidos como a trav\u00e9s de la nube.<\/p>\n","protected":false},"excerpt":{"rendered":"<p>Tenemos el compromiso de ofrecer productos punteros en digital signage y ofrecemos soluciones a medida. Nuestros sistemas est\u00e1n compuestos por productos de gama profesional y destacan por una gran fiabilidad y versatilidad, as\u00ed como por una gesti\u00f3n f\u00e1cil, tanto a trav\u00e9s de servidor de contenidos como a trav\u00e9s de la nube.<\/p>\n","protected":false},"author":1,"featured_media":0,"parent":27477,"menu_order":23,"comment_status":"open","ping_status":"open","template":"","meta":{"footnotes":""},"class_list":["post-27489","page","type-page","status-publish","hentry"],"aioseo_notices":[],"_links":{"self":[{"href":"https:\/\/www.deteinco.com\/es\/wp-json\/wp\/v2\/pages\/27489","targetHints":{"allow":["GET"]}}],"collection":[{"href":"https:\/\/www.deteinco.com\/es\/wp-json\/wp\/v2\/pages"}],"about":[{"href":"https:\/\/www.deteinco.com\/es\/wp-json\/wp\/v2\/types\/page"}],"author":[{"embeddable":true,"href":"https:\/\/www.deteinco.com\/es\/wp-json\/wp\/v2\/users\/1"}],"replies":[{"embeddable":true,"href":"https:\/\/www.deteinco.com\/es\/wp-json\/wp\/v2\/comments?post=27489"}],"version-history":[{"count":1,"href":"https:\/\/www.deteinco.com\/es\/wp-json\/wp\/v2\/pages\/27489\/revisions"}],"predecessor-version":[{"id":34353,"href":"https:\/\/www.deteinco.com\/es\/wp-json\/wp\/v2\/pages\/27489\/revisions\/34353"}],"up":[{"embeddable":true,"href":"https:\/\/www.deteinco.com\/es\/wp-json\/wp\/v2\/pages\/27477"}],"wp:attachment":[{"href":"https:\/\/www.deteinco.com\/es\/wp-json\/wp\/v2\/media?parent=27489"}],"curies":[{"name":"wp","href":"https:\/\/api.w.org\/{rel}","templated":true}]}}