{"id":27497,"date":"2013-06-07T16:45:22","date_gmt":"2013-06-07T15:45:22","guid":{"rendered":"https:\/\/www.deteinco.com\/ingenieria-y-proyectos\/"},"modified":"2023-02-16T17:52:45","modified_gmt":"2023-02-16T16:52:45","slug":"ingenieria-y-proyectos","status":"publish","type":"page","link":"https:\/\/www.deteinco.com\/es\/servicios\/ingenieria-y-proyectos\/","title":{"rendered":"Ingenier\u00eda y Proyectos"},"content":{"rendered":"<p>Realizamos cualquier tipo de proyecto de ingenier\u00eda, desde digitalizaci\u00f3n de las aulas, creaci\u00f3n de infraestructura de red inal\u00e1mbrica, productos espec\u00edficos con requerimientos inform\u00e1ticos concretos, etc.<\/p>\n","protected":false},"excerpt":{"rendered":"<p>Realizamos cualquier tipo de proyecto de ingenier\u00eda, desde digitalizaci\u00f3n de las aulas, creaci\u00f3n de infraestructura de red inal\u00e1mbrica, productos espec\u00edficos con requerimientos inform\u00e1ticos concretos, etc.<\/p>\n","protected":false},"author":1,"featured_media":0,"parent":27477,"menu_order":26,"comment_status":"open","ping_status":"open","template":"","meta":{"footnotes":""},"class_list":["post-27497","page","type-page","status-publish","hentry"],"aioseo_notices":[],"_links":{"self":[{"href":"https:\/\/www.deteinco.com\/es\/wp-json\/wp\/v2\/pages\/27497","targetHints":{"allow":["GET"]}}],"collection":[{"href":"https:\/\/www.deteinco.com\/es\/wp-json\/wp\/v2\/pages"}],"about":[{"href":"https:\/\/www.deteinco.com\/es\/wp-json\/wp\/v2\/types\/page"}],"author":[{"embeddable":true,"href":"https:\/\/www.deteinco.com\/es\/wp-json\/wp\/v2\/users\/1"}],"replies":[{"embeddable":true,"href":"https:\/\/www.deteinco.com\/es\/wp-json\/wp\/v2\/comments?post=27497"}],"version-history":[{"count":1,"href":"https:\/\/www.deteinco.com\/es\/wp-json\/wp\/v2\/pages\/27497\/revisions"}],"predecessor-version":[{"id":34452,"href":"https:\/\/www.deteinco.com\/es\/wp-json\/wp\/v2\/pages\/27497\/revisions\/34452"}],"up":[{"embeddable":true,"href":"https:\/\/www.deteinco.com\/es\/wp-json\/wp\/v2\/pages\/27477"}],"wp:attachment":[{"href":"https:\/\/www.deteinco.com\/es\/wp-json\/wp\/v2\/media?parent=27497"}],"curies":[{"name":"wp","href":"https:\/\/api.w.org\/{rel}","templated":true}]}}