{"id":27696,"date":"2015-01-12T11:42:12","date_gmt":"2015-01-12T10:42:12","guid":{"rendered":"https:\/\/www.deteinco.com\/aviso-legal-y-politica-de-privacidad\/"},"modified":"2023-02-16T17:59:08","modified_gmt":"2023-02-16T16:59:08","slug":"aviso-legal-y-politica-de-privacidad","status":"publish","type":"page","link":"https:\/\/www.deteinco.com\/es\/aviso-legal-y-politica-de-privacidad\/","title":{"rendered":"Aviso legal y Pol\u00edtica de privacidad"},"content":{"rendered":"<p><strong>DETEINCO<\/strong><\/p>\n<p>Aviso legal referido en el sitio web www.deteinco.com o cualquiera de las redirecciones que llegan como destino, propiedad de DETEINCO, SLU &#8211; Inscrita en el registro mercantil de Barcelona, \u200b\u200bTomo 27983, Folio 1, Hoja B126630 Inscripci\u00f3n 1\u00aa, CIF: ESB60763554<\/p>\n<p>Al hacer uso de la WEB de DETEINCO &#8211; TICLOGIX acepta las siguientes condiciones que se enumeran en este AVISO LEGAL. Si no acepta alguno de los t\u00e9rminos rogamos deje de hacer uso de la WEB.<\/p>\n<p><strong>PROPIEDAD INTELECTUAL<\/strong><\/p>\n<p>DETEINCO &#8211; TICLOGIX se reserva el derecho de modificar, cambiar o ampliar cualquier contenido de esta web en cualquier momento y sin previo aviso. Ante esta posibilidad le aconsejamos revise con relativa periodicidad el contenido de este AVISO LEGAL, as\u00ed como del resto de t\u00e9rminos y condiciones contenidas en la WEB.<\/p>\n<p>Todo el contenido de la web est\u00e1 protegida por las leyes de propiedad intelectual y es propiedad exclusiva de DETEINCO, SLU Cualquier nombre, marca o logotipo que sea propiedad de terceros y que aparezca en esta web est\u00e1n protegidos por sus respectivas pol\u00edticas legales.<\/p>\n<p>Est\u00e1 totalmente prohibido hacer uso de cualquier contenido de esta web para cualquier actividad comercial o p\u00fablica sin el consentimiento por escrito de DETEINCO, SLU As\u00ed como modificar, distribuir, reenviar exhibir o transmitir este contenido.<\/p>\n<p>El uso no autorizado del sitio web o del CONTENIDO puede violar las leyes de propiedad intelectual o industrial, derechos personales, de publicidad y de comunicaci\u00f3n, as\u00ed como de la ley de la competencia y otras regulaciones. DETEINCO, SLU declina cualquier responsabilidad derivada de estos posibles usos no autorizados.<\/p>\n<p>DETEINCO, SL no garantiza la exactitud o exhaustividad de todos los contenidos de esta WEB rechazar\u00e1 cualquier responsabilidad consecuente de estas posibles irregularidades en la informaci\u00f3n.<\/p>\n<p><strong>RESPONSABILIDAD LIMITADA<\/strong><\/p>\n<p>DETEINCO, SL no se responsabiliza de posibles anomal\u00edas que se produzcan en la WEB para su funcionamiento o mal funcionamiento (virus, sobrecargas, interrupciones, retrasos, etc.). Ante estos errores DETEINCO, SLU har\u00e1 todo lo posible para ponerle soluci\u00f3n lo antes posible. Del mismo modo tampoco ser\u00e1n responsables los suministradores de la WEB o cualquier otra empresa mencionada en ella.<\/p>\n<p>DETEINCO, SLU no tendr\u00e1 ninguna responsabilidad de los usos que usted pueda hacer los datos e informaci\u00f3n, as\u00ed como de los servicios disponibles en esta web ni tampoco ser\u00e1 responsable de las infracciones de derechos de terceros que puedan cometerse por personas que hagan uso de forma fraudulenta de los permisos de acceso a esta web. DETEINCO, SLU velar\u00e1 por que la WEB funciones perfectamente y cumpla con el fin por el que se cre\u00f3.<\/p>\n<p>DETEINCO, SLU no se har\u00e1 responsable de las ilegalidades y malos usos que los clientes o usuarios puedan hacer de la WEB. Ser\u00e1 responsabilidad en exclusiva del usuario cumplir con la ley vigente en todos los casos.<\/p>\n<p><strong>POL\u00cdTICA DE PRIVACIDAD Y PROTECCI\u00d3N DE DATOS<\/strong><\/p>\n<p>Pol\u00edtica de Privacidad y Protecci\u00f3n de Datos Informaci\u00f3n adicional y detallada sobre el uso de sus datos de car\u00e1cter personal.<\/p>\n<p>\u00bfQui\u00e9n es el responsable del tratamiento de sus datos?<\/p>\n<p>Identidad: DETEINCO, SLU &#8211; CIF: ESB60763554<br \/>\nDirecci\u00f3n: C. Padre Coll, 14-08500 &#8211; VIC &#8211; Barcelona<br \/>\nTel\u00e9fono: 938893384<br \/>\nCorreo electr\u00f3nico: informatica@deteinco.com<\/p>\n<p>\u00bfCon qu\u00e9 finalidad tratamos sus datos personales?<\/p>\n<p>Tratamos los datos personales que nos facilite con las siguientes finalidades:<\/p>\n<p>1. Cumplir con el deber de informaci\u00f3n y obtenci\u00f3n de consentimientos requeridos por la nueva normativa europea de protecci\u00f3n de datos de car\u00e1cter personal.<\/p>\n<p>2. Gestionar la relaci\u00f3n contractual derivada de las compraventas de material y servicios inform\u00e1ticos.<\/p>\n<p>3. Gesti\u00f3n administrativa contable de los encargos y otros servicios relacionados con nuestra actividad.<\/p>\n<p>4. El env\u00edo de comunicaciones comerciales de nuestros productos o servicios, mediante su suscripci\u00f3n a newsletter, boletines y env\u00edos comerciales relacionados con nuestra actividad, a menos que usted manifieste su voluntad en contra por cualquier medio. En cualquier caso, la autorizaci\u00f3n para tratar sus datos con esta finalidad es voluntaria y su negativa s\u00f3lo tendr\u00eda como consecuencia el hecho de que usted no recibir\u00eda ofertas comerciales de nuestros productos o servicios.<\/p>\n<p>Qu\u00e9 datos tratamos?<\/p>\n<p>En el marco de la prestaci\u00f3n de los servicios que ofrece la entidad y condicionado a los fines consentidas por usted, nuestra entidad \u00fanicamente se tratar\u00e1n los datos estrictamente necesarios para la correcta gesti\u00f3n de la relaci\u00f3n contractual y \/ o prestaci\u00f3n de los servicios, y ser\u00e1 exclusivamente los que usted nos haya facilitado.<\/p>\n<p>Durante cu\u00e1nto tiempo trataremos sus datos?<\/p>\n<p>Los datos personales que nos proporciones ser\u00e1n conservados mientras se mantenga la relaci\u00f3n contractual \/ mercantil vigente, o bien durante un plazo de cuatro a\u00f1os a partir de la \u00faltima relaci\u00f3n negocial siguiendo la normativa a efectos fiscales. Sin embargo nuestra entidad seguir\u00e1 conservando su informaci\u00f3n para el env\u00edo de comunicaciones comerciales que consideramos sea de su inter\u00e9s, mientras no se solicite su supresi\u00f3n por el interesado. Siempre podr\u00e1 ejercitar los derechos que le reconoce la normativa vigente poni\u00e9ndose en contacto a trav\u00e9s de la v\u00eda que le sea m\u00e1s c\u00f3moda.<\/p>\n<p>\u00bfCu\u00e1l es la legitimaci\u00f3n para el tratamiento de sus datos?<\/p>\n<p>La base legal para el tratamiento de sus datos es la ejecuci\u00f3n del contrato de servicios necesario para la realizaci\u00f3n de la operaci\u00f3n negocial o bien esta legitimaci\u00f3n est\u00e1 otorgada por su consentimiento expreso como propio y principal interesado.<\/p>\n<p>A qu\u00e9 destinatarios se comunicar\u00e1n sus datos?<\/p>\n<p>No se comunicar\u00e1n sus datos a ning\u00fan tercero, excepto obligaciones legales vigentes. En todo caso que cambie esta posibilidad se le informar\u00e1 debidamente solicitando su consentimiento para la cesi\u00f3n. Le informamos que tampoco se realizar\u00e1n transferencias internacionales. Se informa al Usuario que, para la correcta prestaci\u00f3n de los servicios (v\u00e9ase, alojamiento web, soporte, email marketing, etc.), diferentes prestadores de servicios contratados por nuestra entidad (encargados del tratamiento) podr\u00edan tener acceso a la informaci\u00f3n personal necesaria para realizar sus funciones. Estos servicios prestados por terceros son necesarios para el desarrollo de nuestra actividad y, en todo momento, el tratamiento de los datos que lleven a cabo se rige por un contrato que vincula al encargado respecto a nuestra entidad. En ning\u00fan caso utilizar\u00e1n la informaci\u00f3n para otros fines y la tratar\u00e1n de conformidad con las directrices estipuladas por nuestra entidad, acordes a su pol\u00edtica de privacidad y a la normativa vigente en materia de protecci\u00f3n de datos. Nuestra entidad en su compromiso con la privacidad y protecci\u00f3n de datos del Usuario, elegir\u00e1 \u00fanicamente prestadores de servicio que ofrezcan las garant\u00edas suficientes para aplicar medidas t\u00e9cnicas y organizativas apropiadas, por lo que el tratamiento sea conforme la legislaci\u00f3n aplicable en materia de protecci\u00f3n de datos y garanticen la protecci\u00f3n de los derechos del Usuario.<\/p>\n<p>\u00bfCu\u00e1les son sus derechos cuando nos facilita sus datos?<\/p>\n<p>Cualquier persona tiene derecho a obtener confirmaci\u00f3n sobre si estamos tratando datos personales que les conciernan o no. En este sentido, usted tiene derecho a solicitar:<\/p>\n<p>Acceso.- El interesado tiene derecho a obtener del responsable del tratamiento confirmaci\u00f3n de si se est\u00e1n tratando o no los datos que le conciernan, as\u00ed como informaci\u00f3n detallada sobre determinados aspectos del tratamiento que se est\u00e9 llevando a cabo.<\/p>\n<p>Rectificaci\u00f3n.- El interesado tiene derecho a obtener la rectificaci\u00f3n de los datos personales inexactos que le concierne o que se completen aquellos que fueran incompletos.<\/p>\n<p>Supresi\u00f3n.- El interesado tendr\u00e1 derecho a solicitar la supresi\u00f3n de sus datos personales, en todo caso la supresi\u00f3n estar\u00e1 sujeta a los l\u00edmites establecidos en la norma reguladora.<\/p>\n<p>Limitaci\u00f3n de su tratamiento.- El interesado tiene derecho a solicitar la limitaci\u00f3n en cuanto al tratamiento de sus datos de car\u00e1cter personal.<\/p>\n<p>Oposici\u00f3n al tratamiento.- En determinadas circunstancias y por motivos relacionados con su situaci\u00f3n particular, los interesados \u200b\u200bpodr\u00e1n oponerse al tratamiento de sus datos. La entidad dejar\u00e1 de tratar los datos, excepto por motivos leg\u00edtimos, imperiosos, o el ejercicio o la defensa de posibles reclamaciones.<\/p>\n<p>Derecho a la portabilidad de sus datos.- Es decir, tendr\u00e1 derecho a recibir los datos personales que le incumban, que haya facilitado un responsable del tratamiento, en un formato estructurado, de uso com\u00fan y lectura mec\u00e1nica ya transmitirlos a otro responsable del tratamiento.<\/p>\n<p>Podr\u00e1 ejercer los derechos mencionados, a trav\u00e9s de los datos de contacto facilitados al inicio del presente documento.<\/p>\n<p>Asimismo le informamos que, si lo cree oportuno, tiene el derecho a retirar, en cualquier momento, el consentimiento otorgado para alguna finalidad espec\u00edfica, sin que ello afecte la licitud del tratamiento, basado en el consentimiento previo a su retirada.<\/p>\n<p>Pol\u00edtica de Cookies<\/p>\n<p>Definici\u00f3n y funci\u00f3n de las galletas<\/p>\n<p>\u00bfQu\u00e9 son las cookies? Una cookie es un archivo que se descarga en el navegador al acceder a determinadas p\u00e1ginas web. Las cookies permiten a una p\u00e1gina web, entre otras cosas, almacenar y recuperar informaci\u00f3n sobre los h\u00e1bitos de navegaci\u00f3n de un usuario o de su equipo y, dependiendo de la informaci\u00f3n que contengan y de la forma en que utilice su equipo, se pueden utilizar para reconocer al usuario.<\/p>\n<p>DETEINCO &#8211; TICLOGIX nunca comparte datos personales con terceras empresas. Toda la informaci\u00f3n que se recoge en la web se utiliza para ofrecer un mejor servicio a los visitantes.<\/p>\n<p>Ten en cuenta que puedes utilizar la web de DETEINCO &#8211; TICLOGIX con las galletas desactivadas y \u00e9ste funcionar\u00e1 adecuadamente en la mayor\u00eda de \u00e1reas.<\/p>\n<p>\u00bfQu\u00e9 tipos de cookies utiliza DETEINCO &#8211; TICLOGIX?<\/p>\n<p>1. Galletas de an\u00e1lisis: Son aquellas que bien tratadas por nosotros o por terceros, nos permiten cuantificar el n\u00famero de usuarios y as\u00ed realizar la medici\u00f3n y an\u00e1lisis estad\u00edstico de la utilizaci\u00f3n que hacen los usuarios del servicio ofrecido. Para ello se analiza su navegaci\u00f3n en nuestra p\u00e1gina web para mejorar la oferta de productos o servicios que le ofrecemos.<\/p>\n<p>Desde DETEINCO &#8211; TICLOGIX te informamos que cumplimos el art\u00edculo 22.2 de la Ley de Servicios de la Sociedad de la Informaci\u00f3n (LSSI) relacionada con la utilizaci\u00f3n de cookies.<\/p>\n<p>Revocaci\u00f3n y eliminaci\u00f3n de cookies<\/p>\n<p>Puedes permitir, bloquear o eliminar las cookies instaladas en tu navegador mediante la configuraci\u00f3n de las opciones del navegador instalado en tu dispositivo. En caso de no permitir la instalaci\u00f3n de cookies en su navegador es posible que no puedas acceder a alguna de las secciones de nuestra web.<\/p>\n<p>Para m\u00e1s informaci\u00f3n sobre c\u00f3mo bloquear el uso de la cookies a trav\u00e9s del navegador que utilices, busca la informaci\u00f3n relacionada proporcionada por el fabricante. Adem\u00e1s, puedes activar el modo de inc\u00f3gnito o privado, para borrar las cookies y el historial de navegaci\u00f3n una vez termine tu sesi\u00f3n de navegaci\u00f3n. Consulta la ayuda de tu navegador para acceder a este modo.<\/p>\n<p><a href=\"https:\/\/www.deteinco.com\/docs\/180524%20Autorizaci%C3%B3n%20clientes%20ESP%20forms.pdf\">Descarga del documento de autorizaci\u00f3n para clientes<\/a><\/p>\n","protected":false},"excerpt":{"rendered":"<p>DETEINCO Aviso legal referido en el sitio web www.deteinco.com o cualquiera de las redirecciones que llegan como destino, propiedad de DETEINCO, SLU &#8211; Inscrita en el registro mercantil de Barcelona, \u200b\u200bTomo 27983, Folio 1, Hoja B126630 Inscripci\u00f3n 1\u00aa, CIF: ESB60763554 Al hacer uso de la WEB de DETEINCO &#8211; TICLOGIX acepta las siguientes condiciones que [&hellip;]<\/p>\n","protected":false},"author":1,"featured_media":0,"parent":0,"menu_order":90,"comment_status":"closed","ping_status":"open","template":"","meta":{"footnotes":""},"class_list":["post-27696","page","type-page","status-publish","hentry"],"aioseo_notices":[],"_links":{"self":[{"href":"https:\/\/www.deteinco.com\/es\/wp-json\/wp\/v2\/pages\/27696","targetHints":{"allow":["GET"]}}],"collection":[{"href":"https:\/\/www.deteinco.com\/es\/wp-json\/wp\/v2\/pages"}],"about":[{"href":"https:\/\/www.deteinco.com\/es\/wp-json\/wp\/v2\/types\/page"}],"author":[{"embeddable":true,"href":"https:\/\/www.deteinco.com\/es\/wp-json\/wp\/v2\/users\/1"}],"replies":[{"embeddable":true,"href":"https:\/\/www.deteinco.com\/es\/wp-json\/wp\/v2\/comments?post=27696"}],"version-history":[{"count":1,"href":"https:\/\/www.deteinco.com\/es\/wp-json\/wp\/v2\/pages\/27696\/revisions"}],"predecessor-version":[{"id":34545,"href":"https:\/\/www.deteinco.com\/es\/wp-json\/wp\/v2\/pages\/27696\/revisions\/34545"}],"wp:attachment":[{"href":"https:\/\/www.deteinco.com\/es\/wp-json\/wp\/v2\/media?parent=27696"}],"curies":[{"name":"wp","href":"https:\/\/api.w.org\/{rel}","templated":true}]}}