{"id":27872,"date":"2018-04-25T17:01:42","date_gmt":"2018-04-25T16:01:42","guid":{"rendered":"https:\/\/www.deteinco.com\/acer-for-education\/"},"modified":"2018-04-25T17:01:42","modified_gmt":"2018-04-25T16:01:42","slug":"acer-for-education","status":"publish","type":"page","link":"https:\/\/www.deteinco.com\/es\/acer-for-education\/","title":{"rendered":"Acer For Education"},"content":{"rendered":"<div class=\"twelve columns \"><a href=\"https:\/\/www.deteinco.com\/wp-content\/uploads\/2019\/05\/acer_prog_edu_prtnr_rgb.png\"><img loading=\"lazy\" decoding=\"async\" class=\"alignnone size-full wp-image-2712\" src=\"https:\/\/www.deteinco.com\/wp-content\/uploads\/2019\/05\/acer_prog_edu_prtnr_rgb.png\" alt=\"acer-for-education\" width=\"365\" height=\"98\" \/><\/a><\/div>\n<div class=\"twelve columns \">\n<p>La prioridad de la educaci\u00f3n es ayudar a los estudiantes a ser pensadores independientes y creativos proporcion\u00e1ndoles los recursos que necesitan para tener \u00e9xito en el viaje. En este panorama, la tecnolog\u00eda funciona como facilitador: una herramienta que ayuda a abrir nuevas posibilidades y crear oportunidades de aprendizaje atractivas.<\/p>\n<p>Con m\u00e1s de 40 a\u00f1os de experiencia en el desarrollo de dispositivos innovadores y f\u00e1ciles de usar, Acer est\u00e1 bien preparado para satisfacer las necesidades de instituciones educativas modernas.<\/p>\n<p>En Acer creemos que la parte m\u00e1s valiosa de la inform\u00e1tica reside en su poder para difundir el conocimiento y la vemos como nuestra responsabilidad de proporcionar a la generaci\u00f3n de hoy los instrumentos que necesitan para desarrollar habilidades del siglo XXI y tener \u00e9xito en el era de la informaci\u00f3n.<\/p>\n<p>El objetivo de Acer para la educaci\u00f3n es permitir a los profesores y los estudiantes crear nuevas maneras de interactuar, ofreciendo soluciones fiables y f\u00e1ciles de utilizar que puedan confiar.<br \/>\nDesarrollando tecnolog\u00eda innovadora para el aula, ayudamos a los estudiantes acceder a nuevos caminos de comunicaci\u00f3n y colaboraci\u00f3n.<\/p>\n<\/div>\n<div class=\"tabs_container\">\n<div class=\"tabs-wrapper\">\n<ul class=\"tabs\">\n<li><a href=#tab0>PRODUCTOS<\/a><\/li>\n<li><a href=#tab1>SOLUCIONES<\/a><\/li>\n<li><a href=#tab2>VIDEOS<\/a><\/li>\n<li><a href=#tab3>NOTICIAS<\/a><\/li>\n<\/ul>\n<div class=\"tab_container\">\n<div id=\"tab0\" class=\"tab_content\">\n<div style=\"background-color: #83b81a; color: #fff; padding: 5px 15px;\"><strong>EQUIPOS WINDOWS<\/strong><\/div>\n<div class=\"four columns \">\n<p><img decoding=\"async\" class=\"aligncenter size-full wp-image-2715\" src=\"https:\/\/www.deteinco.com\/wp-content\/uploads\/2019\/05\/Acer-TravelMate-B-B118-M.png\" alt=\"TravelMate B118-M\" \/><\/p>\n<p class=\"product-title\"><strong>TravelMate B118-M<\/strong><\/p>\n<p>Dise\u00f1ado para la educaci\u00f3n, el TravelMate B118-M es port\u00e1til, robusto e ideal para compartir inal\u00e1mbrica. Gracias a una mayor duraci\u00f3n de la bater\u00eda y el hardware especialmente dise\u00f1ado, el TravelMate B118-M est\u00e1 preparado para cumplir los nuevos retos de la ense\u00f1anza y el aprendizaje.<\/p>\n<p><a href=\"https:\/\/www.deteinco.com\/wp-content\/uploads\/2019\/05\/TMB118-M.pdf\" target=\"_blank\" rel=\"noopener\">Especificaciones t\u00e9cnicas<\/a><\/p>\n<\/div>\n<div class=\"four columns \">\n<p><img decoding=\"async\" class=\"aligncenter size-full wp-image-2715\" src=\"https:\/\/www.deteinco.com\/wp-content\/uploads\/2019\/05\/Acer-TravelMate-B118-RN.png\" alt=\"TravelMate Spin B118R\" \/><\/p>\n<p class=\"product-title\"><strong>TravelMate Spin B118R<\/strong><\/p>\n<p>TravelMate Spin B118R es un dispositivo convertible de 11 \u00abque se puede utilizar de varias maneras, para que los estudiantes puedan trabajar y jugar de la manera que m\u00e1s les gusta. Desde la lectura hasta la redacci\u00f3n de documentos, tomar notas para dibujar o ver un v\u00eddeo, este dispositivo puede manejar todo tipo de actividades escolares, lo que permite nuevas formas de interacci\u00f3n en el aula. Adem\u00e1s, un dise\u00f1o resistente protege el dispositivo contra golpes accidentales, gotas y derrames.<\/p>\n<p><a href=\"https:\/\/www.deteinco.com\/wp-content\/uploads\/2019\/05\/TMB118-G2-R_RN.pdf\" target=\"_blank\" rel=\"noopener\">Especificaciones t\u00e9cnicas<\/a><\/p>\n<\/div>\n<div class=\"four columns \">\n<p><img decoding=\"async\" class=\"aligncenter size-full wp-image-2715\" src=\"https:\/\/www.deteinco.com\/wp-content\/uploads\/2019\/05\/Acer-TravelMate-TMB-114.png\" alt=\"TravelMate-TMB-114\" \/><\/p>\n<p class=\"product-title\"><strong><b>TravelMate B1 B114-21<\/b><\/strong><\/p>\n<p>Los port\u00e1tiles TravelMate B1 B114-21 seguros y eficientes, est\u00e1n dise\u00f1ados para garantizar la m\u00e1xima productividad en casa y el aula. Estos port\u00e1tiles garantizan potencia y la fiabilidad que necesitan para superar las asignaciones m\u00e1s dif\u00edciles.<\/p>\n<p><a href=\"https:\/\/www.deteinco.com\/wp-content\/uploads\/2019\/05\/TMB114.pdf\" target=\"_blank\" rel=\"noopener\">Especificaciones t\u00e9cnicas<\/a><\/p>\n<\/div>\n<p><br clear=\"all\" \/><\/p>\n<div style=\"background-color: #83b81a; color: #fff; padding: 5px 15px;\"><strong>CHROMEBOOKS<\/strong><\/div>\n<div class=\"four columns \">\n<p><img decoding=\"async\" class=\"aligncenter size-full wp-image-2715\" src=\"https:\/\/www.deteinco.com\/wp-content\/uploads\/2019\/05\/Acer-Chromebook-C732.png\" alt=\"Acer-Chromebook-C732\" \/><\/p>\n<p class=\"product-title\"><strong>Chromebook R 11 CB5 (C732)<\/strong><\/p>\n<p>Con un chasis robusto y un teclado resistente a derrames con teclas remachadas dif\u00edciles de eliminar, Chromebook R 11 CB5 (C732) es una elecci\u00f3n excepcional para las escuelas. Adem\u00e1s, proporciona una duraci\u00f3n de la bater\u00eda muy larga, un funcionamiento sin ventilador, un factor de forma port\u00e1til y un dise\u00f1o de bisagra de 180 grados para compartir y colaborar f\u00e1cilmente.<\/p>\n<p><a href=\"https:\/\/www.deteinco.com\/wp-content\/uploads\/2019\/05\/cbC732.pdf\" target=\"_blank\" rel=\"noopener\">Especificaciones t\u00e9cnicas<\/a><\/p>\n<\/div>\n<div class=\"four columns \">\n<p><img decoding=\"async\" class=\"aligncenter size-full wp-image-2715\" src=\"https:\/\/www.deteinco.com\/wp-content\/uploads\/2019\/05\/Acer-Chromebook_CB514.png\" alt=\"Chromebook CB514\" \/><\/p>\n<p class=\"product-title\"><strong>Chromebook CB514<\/strong><\/p>\n<p>Elegante con su cuerpo de aluminio 100%, el Acer Chromebook CB514 tambi\u00e9n es delgado y ligero para una gran movilidad. Por otro lado, la pantalla de bajo reflejo HD de 14&#8243; (Full HD disponible como opci\u00f3n) permite a los estudiantes ver y hacer durante mucho m\u00e1s tiempo. Hasta 14 horas de duraci\u00f3n de la bater\u00eda, es posible que todo el d\u00eda funcione con una sola carga para las actividades escolares y m\u00e1s all\u00e1.<\/p>\n<p><a href=\"https:\/\/www.deteinco.com\/wp-content\/uploads\/2019\/05\/CB514.pdf\" target=\"_blank\" rel=\"noopener\">Especificaciones t\u00e9cnicas<\/a><\/p>\n<\/div>\n<div class=\"four columns \">\n<p><img decoding=\"async\" class=\"aligncenter size-full wp-image-2715\" src=\"https:\/\/www.deteinco.com\/wp-content\/uploads\/2018\/04\/Chromebook-Spin-11_design_ksp_03_large.png\" alt=\"Chromebook Spin 11 (R751T &amp; R751TN)\" \/><\/p>\n<p class=\"product-title\"><strong>Chromebook Spin 11 (R751T &amp; R751TN)<\/strong><\/p>\n<p><span class=\"tlid-translation translation\" lang=\"es\"><span class=\"\" title=\"\">Gracias a<\/span> <span title=\"\">super<\/span> <span title=\"\">dise\u00f1o<\/span> <span title=\"\">360<\/span> <span title=\"\">\u00b0<\/span> <span title=\"\">de doble<\/span> <span title=\"\">Bisagra<\/span><span title=\"\">, el<\/span> <span title=\"\">Chromebook<\/span> <span title=\"\">Spin<\/span> <span class=\"\" title=\"\">11<\/span> <span title=\"\">es<\/span> <span title=\"\">olla<\/span> <span title=\"\">utilizar en<\/span> <span title=\"\">Diferentes<\/span> <span title=\"\">maneras<\/span> <span title=\"\">para satisfacer los<\/span> <span class=\"\" title=\"\">necesidades de los<\/span> <span title=\"\">estudiantes<\/span><span title=\"\">.<\/span> <span title=\"\">El dise\u00f1o<\/span> <span title=\"\">robusto<\/span><span title=\"\">,<\/span> <span title=\"\">con<\/span> <span title=\"\">1<\/span> <span title=\"\">teclado<\/span> <span title=\"\">a prueba<\/span> <span class=\"\" title=\"\">de alumnado<\/span> <span title=\"\">resistente<\/span> <span title=\"\">a<\/span> <span title=\"\">derrames,<\/span> <span title=\"\">cumple<\/span> <span title=\"\">con<\/span> <span title=\"\">los<\/span> <span title=\"\">rigurosos<\/span> <span class=\"\" title=\"\">Est\u00e1ndares<\/span> <span title=\"\">militares de EEUU y<\/span> <span title=\"\">garantiza<\/span> <span title=\"\">una<\/span> <span title=\"\">fiabilidad<\/span> <span title=\"\">y durabilidad<\/span> <span class=\"\" title=\"\">extremas.<\/span> <span title=\"\">Adem\u00e1s, el<\/span> <span title=\"\">dispositivo<\/span> <span title=\"\">es compatible<\/span> <span title=\"\">con la experiencia<\/span> <span title=\"\">de el<\/span> <span class=\"\" title=\"\">l\u00e1piz<\/span> <span title=\"\">m\u00e1s natural<\/span> <span class=\"\" title=\"\">de siempre.<\/span><\/span><\/p>\n<p><a href=\"https:\/\/www.deteinco.com\/wp-content\/uploads\/2019\/05\/R751TN.pdf\" target=\"_blank\" rel=\"noopener\">Especificacions t\u00e8cniques<\/a><\/p>\n<\/div>\n<div class=\"four columns \">\n<p><img decoding=\"async\" class=\"aligncenter size-full wp-image-2715\" src=\"https:\/\/www.deteinco.com\/wp-content\/uploads\/2019\/05\/Acer-Chromebook-Spin-512-R851TN.png\" alt=\"Chromebook Spin (R851TN)\" \/><\/p>\n<p class=\"product-title\"><strong>Chromebook Spin 512 (R851TN)<br \/>\n<\/strong><\/p>\n<p>Acer Chromebook Spin 512: el port\u00e1til convertible para la ense\u00f1anza. Opciones como la relaci\u00f3n de aspecto de 3:2 y el l\u00e1piz Wacom EMR con base, adem\u00e1s de los 4 modos de uso, facilitan la lectura y el dibujo. Una c\u00e1mara trasera, un innovador procesador, los est\u00e1ndares militares y la amplia duraci\u00f3n de la bater\u00eda lo convierten en la mejor soluci\u00f3n para la educaci\u00f3n.<\/p>\n<p><a href=\"https:\/\/www.deteinco.com\/wp-content\/uploads\/2019\/05\/cbR851TN_Cambridge_ps_v1.pdf\" target=\"_blank\" rel=\"noopener\">Especificaciones t\u00e9cnicas<\/a><\/p>\n<\/div>\n<div class=\"four columns \">\n<p><img decoding=\"async\" class=\"aligncenter size-full wp-image-2715\" src=\"https:\/\/www.deteinco.com\/wp-content\/uploads\/2018\/04\/Acer-Chrometab-10-D651N-wp-launcher.jpg\" alt=\"Chromebook Tab 10 D651N\" \/><\/p>\n<p class=\"product-title\"><strong>Chromebook Tab 10 D651N<\/strong><\/p>\n<p>Con la combinaci\u00f3n de apoyo previsto para Google Expeditions AR2 y f\u00e1cil administraci\u00f3n, los estudiantes y el personal tienen una mejor experiencia. Un conjunto de caracter\u00edsticas tecnol\u00f3gicas se combinan para convertirlo en una fant\u00e1stica tablet de \u00faltima generaci\u00f3n.<\/p>\n<p><a href=\"https:\/\/www.deteinco.com\/wp-content\/uploads\/2019\/05\/ChromeTab-10.pdf\" target=\"_blank\" rel=\"noopener\">Especificaciones t\u00e9cnicas<\/a><\/p>\n<\/div>\n<p><br clear=\"all\" \/><\/p>\n<div style=\"background-color: #83b81a; color: #fff; padding: 5px 15px;\"><strong>MONITORES<\/strong><\/div>\n<div class=\"four columns \">\n<p><img decoding=\"async\" class=\"aligncenter size-full wp-image-2715\" src=\"https:\/\/www.deteinco.com\/wp-content\/uploads\/2018\/04\/V226HQL-01.png\" alt=\"Monitores V6 series\" \/><\/p>\n<p class=\"product-title\"><strong>Monitores V6 series<\/strong><\/p>\n<p>Perfecto para las escuelas, los monitores V6 ofrecen una calidad de imagen excelente y una conectividad de gama alta. Con una amplia gama de configuraciones y modelos, son ideales para usuarios que necesitan pantallas eficientes y fiables.<\/p>\n<\/div>\n<div class=\"four columns \">\n<p><img decoding=\"async\" class=\"aligncenter size-full wp-image-2715\" src=\"https:\/\/www.deteinco.com\/wp-content\/uploads\/2018\/04\/BE270U_wp_01.png\" alt=\"Monitores BEO series\" \/><\/p>\n<p class=\"product-title\"><strong>Monitores BEO series<\/strong><\/p>\n<p>Con la reproducci\u00f3n de la imagen precisa y vibrante, un soporte multitarea sin esfuerzo, un soporte ergon\u00f3mico y caracter\u00edsticas vanguardistas, los monitores de la serie BE0 son la adici\u00f3n perfecta a cualquier ordenador escolar, para mejorar la eficiencia de la estudio, trabajar m\u00e1s c\u00f3modamente y compartir ideas con m\u00e1s facilidad.<\/p>\n<\/div>\n<div class=\"four columns \">\n<p><img decoding=\"async\" class=\"aligncenter size-full wp-image-2715\" src=\"https:\/\/www.deteinco.com\/wp-content\/uploads\/2018\/04\/B346C_B346CK_wp_01.png\" alt=\"Monitores B6 series\" \/><\/p>\n<p class=\"product-title\"><strong>Monitores B6 series<\/strong><\/p>\n<p>Dise\u00f1ados para un uso diario amplio, los monitores B6 combinan un gran rendimiento con un confort excepcional. Su posici\u00f3n de visi\u00f3n se puede adaptar f\u00e1cilmente a las necesidades de cualquier usuario, mientras que los amplios paneles de \u00e1ngulo de visi\u00f3n permiten a los estudiantes trabajar en grupo y compartir contenido.<\/p>\n<\/div>\n<p>&nbsp;<\/p>\n<div style=\"background-color: #83b81a; color: #fff; padding: 5px 15px;\"><strong>EQUIPOS DE SOBREMESA<\/strong><\/div>\n<div class=\"six columns \">\n<p><img decoding=\"async\" class=\"aligncenter size-full wp-image-2715\" src=\"https:\/\/www.deteinco.com\/wp-content\/uploads\/2018\/04\/Veriton-Essential.png\" alt=\"Veriton E series\" \/><\/p>\n<p class=\"product-title\"><strong>Veriton E series<\/strong><\/p>\n<p>Acer Veriton E incluye todo lo que necesita una escuela de un escritorio de tama\u00f1o est\u00e1ndar en una fracci\u00f3n del espacio. Con componentes vanguardistas, puede realizar cualquier tarea sin problemas, mientras que proporciona una conectividad flexible, una fuerte seguridad y facilidad de manejo. Con varias opciones de expansi\u00f3n, se puede adaptar a las necesidades evolutivos y ayudar a los administradores escolares a maximizar las inversiones.<\/p>\n<\/div>\n<div class=\"six columns \">\n<p><img decoding=\"async\" class=\"aligncenter size-full wp-image-2715\" src=\"https:\/\/www.deteinco.com\/wp-content\/uploads\/2018\/04\/VX6650_VX4650_03.png\" alt=\"Veriton X series\" \/><\/p>\n<p class=\"product-title\"><strong>Veriton X series<\/strong><\/p>\n<p>Con potentes procesadores, gr\u00e1ficos opcionales, gran capacidad de almacenamiento y memoria, todo ello en un chasis de 10 litros, la serie Veriton X se encarga de todas las necesidades educativas, optimizando un espacio valioso.<\/p>\n<\/div>\n<p><br clear=\"all\" \/><\/p>\n<div class=\"six columns \">\n<p><img decoding=\"async\" class=\"aligncenter size-full wp-image-2715\" src=\"https:\/\/www.deteinco.com\/wp-content\/uploads\/2018\/04\/VN2120_14.png\" alt=\"Veriton N series\" \/><\/p>\n<p class=\"product-title\"><strong>Veriton N series<\/strong><\/p>\n<p>La inclusi\u00f3n de componentes potentes en un dise\u00f1o peque\u00f1o y modular, la serie Veriton N puede mantenerse sola o ser acoplada en la parte posterior de los monitores de Acer. Una soluci\u00f3n vers\u00e1til para cualquier escuela, es eficiente y segura.<\/p>\n<\/div>\n<div class=\"six columns \">\n<p><img decoding=\"async\" class=\"aligncenter size-full wp-image-2715\" src=\"https:\/\/www.deteinco.com\/wp-content\/uploads\/2018\/04\/vWoody238_nonglare_nocam_black_wp_win10_01.png\" alt=\"Veriton Z series\" \/><\/p>\n<p class=\"product-title\"><strong>Veriton Z series<\/strong><\/p>\n<p>La serie Veriton Z es la soluci\u00f3n integral que ofrece a los profesores y los estudiantes una excelente experiencia en el aula. Combina dise\u00f1o de ahorro de espacio, un rendimiento \u00f3ptimo y una gran flexibilidad con soluciones integrales de seguridad y gesti\u00f3n para ayudar a los usuarios a gestionar cualquier tarea de manera eficiente.<\/p>\n<\/div>\n<p>&nbsp;<\/p>\n<div style=\"background-color: #83b81a; color: #fff; padding: 5px 15px;\"><strong>PROYECTORES<\/strong><\/div>\n<div class=\"six columns \">\n<p><img decoding=\"async\" class=\"aligncenter size-full wp-image-2715\" src=\"https:\/\/www.deteinco.com\/wp-content\/uploads\/2018\/04\/U5220-04.png\" alt=\"Proyector U5 series\" \/><\/p>\n<p class=\"product-title\"><strong>Proyector U5 series<\/strong><\/p>\n<p>Dise\u00f1ado para tomar la interactividad y la colaboraci\u00f3n en el aula al siguiente nivel, los proyectores Acer U5 integran todas las caracter\u00edsticas que son importantes para las escuelas, tales como proyecci\u00f3n de lanzamientos de ultrasonidos, control remoto, soporte 3D y capacidad de proyecci\u00f3n inal\u00e1mbrica.<\/p>\n<\/div>\n<div class=\"six columns \">\n<p><img decoding=\"async\" class=\"aligncenter size-full wp-image-2715\" src=\"https:\/\/www.deteinco.com\/wp-content\/uploads\/2018\/04\/S1383WHne_02.png\" alt=\"Proyector S1 series\" \/><\/p>\n<p class=\"product-title\"><strong>Proyector S1 series<\/strong><\/p>\n<p>Los proyectores Acer S1 ofrecen versatilidad de los proyectores de tirada corta, control de red y proyecci\u00f3n inal\u00e1mbrica, mejorando la usabilidad. Con una configuraci\u00f3n flexible, soluciones de gesti\u00f3n de energ\u00eda y hasta 8.000 horas de luz, son herramientas ideales para el aula.<\/p>\n<\/div>\n<\/div>\n<div id=\"tab1\" class=\"tab_content\">\n<p class=\"product-title\"><strong>Acer Classroom Manager<\/strong><\/p>\n<p>Acer Classroom Manager (ACM) es una soluci\u00f3n de software rica en recursos, intuitiva y f\u00e1cil de usar, dise\u00f1ada para satisfacer las necesidades de los profesores, estudiantes y personal t\u00e9cnico. Con la gesti\u00f3n integrada y el seguimiento de las PC del aula, facilita la ense\u00f1anza y el aprendizaje.<\/p>\n<p>ACM permite una gran flexibilidad. Los profesores pueden supervisar y trabajar con sus alumnos de manera individual, en grupo o con toda la clase. Se pueden ahorrar tiempo activando todas las PC del aula y el lanzamiento de aplicaciones o contenidos en l\u00ednea al mismo tiempo en todos los dispositivos; pueden mantener un registro de asistencia y hacer un seguimiento de las actividades de los estudiantes; pueden controlar lo que hacen los estudiantes y su progreso y tambi\u00e9n pueden probar su comprensi\u00f3n y comprensi\u00f3n.<\/p>\n<p class=\"product-title\"><strong>Acer DADA<\/strong><\/p>\n<p>Para las escuelas, generalmente con recursos limitados y poco o ning\u00fan personal dedicado de TI, gestionar dispositivos de clase puede ser una lucha. DADA (agente del dispositivo y asistente de implementaci\u00f3n) es la soluci\u00f3n de Acer a este problema. Gracias a DADA, las escuelas pueden definir un conjunto de aplicaciones para instalar o desinstalar en un conjunto de las tabletas de Android de Acer y hacerlo en cuesti\u00f3n de minutos.<\/p>\n<p>DADA tambi\u00e9n es \u00fatil para restaurar r\u00e1pidamente el software de aprendizaje que los estudiantes han podido borrar accidentalmente. DATO no s\u00f3lo ayuda a racionalizar el proceso de gesti\u00f3n, sino que permite que las escuelas mantienen el ritmo del paisaje de aprendizaje digital que cambia r\u00e1pidamente.<\/p>\n<p class=\"product-title\"><strong>Acer Smart Touch Kit <\/strong><\/p>\n<p>Acer Smart Touch Kit es una soluci\u00f3n simple pero efectiva dise\u00f1ada para convertir cualquier aula en un mundo divertido e interactivo. La soluci\u00f3n convierte cualquier superficie plana en una pizarra interactiva que soporta los dedos y el tacto multit\u00e1ctil, y permite que cualquier objeto opaco sea utilizado como pluma.<\/p>\n<p>F\u00e1cil de configurar y calibrar, Acer Smart Touch s\u00f3lo requiere un proyector, un port\u00e1til y una pantalla para funcionar, y se completa con un software de pizarra interactivo f\u00e1cil de usar para clases divertidas y atractivas.<\/p><\/div>\n<div id=\"tab2\" class=\"tab_content\">\n<div class=\"eight columns \"><iframe loading=\"lazy\" src=\"https:\/\/www.youtube.com\/embed\/6c932NZ8w9k?rel=0\" width=\"100%\" height=\"315\" frameborder=\"0\" allowfullscreen=\"allowfullscreen\"><\/iframe><\/div>\n<div class=\"four columns \"><strong>Acer TeachSmart<sup>TM<\/sup><\/strong> es una soluci\u00f3n dise\u00f1ada para hacer que el aula sea un entorno m\u00e1s atractivo e interactivo, todo esto se logra a trav\u00e9s del uso de port\u00e1tiles con luces indicadoras LED incorporadas y soluciones basadas en la nube. <\/div>\n<div class=\"divider\"><\/div>\n<div class=\"eight columns \"><iframe loading=\"lazy\" src=\"https:\/\/www.youtube.com\/embed\/XICBsWW-9uU?rel=0\" width=\"100%\" height=\"315\" frameborder=\"0\" allowfullscreen=\"allowfullscreen\"><\/iframe><\/div>\n<div class=\"four columns \">Els <strong>Chromebook<\/strong> son ideales para tareas de ofim\u00e1tica y sobre todo para el sector Educaci\u00f3n, ya que desde la consola de administraci\u00f3n puedes controlar todos los dispositivos de los alumnos dentro y fuera del cole, tiene un coste bajo y ocupan poco espacio, lo que resultan muy \u00fatiles para los alumnos. <\/div>\n<div class=\"divider\"><\/div>\n<div class=\"eight columns \"><iframe loading=\"lazy\" src=\"https:\/\/www.youtube.com\/embed\/nYk2IsoXgIY?rel=0\" width=\"100%\" height=\"315\" frameborder=\"0\" allowfullscreen=\"allowfullscreen\"><\/iframe><\/div>\n<div class=\"four columns \">Aprender es mucho m\u00e1s f\u00e1cil con el port\u00e1til <strong>TravelMate Spin B1<\/strong> de Acer. Con su dise\u00f1o flexible de 360 grados, su construcci\u00f3n duradera y sus aplicaciones amigables para la educaci\u00f3n, el TravelMate Spin B1 ayuda a que los estudiantes lleguen a la cima de su potencial de aprendizaje.<\/div>\n<div class=\"divider\"><\/div>\n<div class=\"eight columns \"><iframe loading=\"lazy\" src=\"https:\/\/www.youtube.com\/embed\/xiQaURwBvJs?rel=0\" width=\"100%\" height=\"315\" frameborder=\"0\" allowfullscreen=\"allowfullscreen\"><\/iframe><\/div>\n<div class=\"four columns \"><strong>Acer CloudProfessor<\/strong> es el primer kit de iniciaci\u00f3n IoT del mundo, que combina hardware, software y Cloud. Es la manera m\u00e1s f\u00e1cil para todas las personas que son nuevas en el IOT para aprender lo que es la codificaci\u00f3n y c\u00f3mo llevar sus propias creaciones.<\/div>\n<\/div>\n<div id=\"tab3\" class=\"tab_content\">\n<ul class=\"popular-list\"><\/ul>\n<\/div>\n<\/div>\n<\/div>\n<\/div>\n","protected":false},"excerpt":{"rendered":"","protected":false},"author":1,"featured_media":0,"parent":0,"menu_order":70,"comment_status":"closed","ping_status":"open","template":"page-fullwidth.php","meta":{"footnotes":""},"class_list":["post-27872","page","type-page","status-publish","hentry"],"aioseo_notices":[],"_links":{"self":[{"href":"https:\/\/www.deteinco.com\/es\/wp-json\/wp\/v2\/pages\/27872","targetHints":{"allow":["GET"]}}],"collection":[{"href":"https:\/\/www.deteinco.com\/es\/wp-json\/wp\/v2\/pages"}],"about":[{"href":"https:\/\/www.deteinco.com\/es\/wp-json\/wp\/v2\/types\/page"}],"author":[{"embeddable":true,"href":"https:\/\/www.deteinco.com\/es\/wp-json\/wp\/v2\/users\/1"}],"replies":[{"embeddable":true,"href":"https:\/\/www.deteinco.com\/es\/wp-json\/wp\/v2\/comments?post=27872"}],"version-history":[{"count":0,"href":"https:\/\/www.deteinco.com\/es\/wp-json\/wp\/v2\/pages\/27872\/revisions"}],"wp:attachment":[{"href":"https:\/\/www.deteinco.com\/es\/wp-json\/wp\/v2\/media?parent=27872"}],"curies":[{"name":"wp","href":"https:\/\/api.w.org\/{rel}","templated":true}]}}