{"id":27935,"date":"2021-07-17T17:29:23","date_gmt":"2021-07-17T16:29:23","guid":{"rendered":"https:\/\/www.deteinco.com\/cookies\/"},"modified":"2023-02-16T17:56:31","modified_gmt":"2023-02-16T16:56:31","slug":"cookies","status":"publish","type":"page","link":"https:\/\/www.deteinco.com\/es\/cookies\/","title":{"rendered":"Cookies"},"content":{"rendered":"<p>Este sitio utiliza cookies, peque\u00f1os archivos de texto que se colocan en su m\u00e1quina para ayudar al sitio a brindar una mejor experiencia de usuario. En general, las cookies se utilizan para conservar las preferencias del usuario, almacenar informaci\u00f3n para cosas como carritos de la compra y proporcionar datos de seguimiento an\u00f3nimos a aplicaciones de terceros como Google Analytics. Como regla general, las cookies mejorar\u00e1n su experiencia de navegaci\u00f3n. Sin embargo, es posible que prefiera deshabilitar las cookies en este sitio y en otros. La forma m\u00e1s eficaz de hacerlo es deshabilitar las cookies en su navegador. Sugerimos consultar la secci\u00f3n de Ayuda de su navegador o echar un vistazo al sitio web <a href=\"http:\/\/www.aboutcookies.org\">Acerca de las cookies<\/a>, que ofrece orientaci\u00f3n para todos los navegadores modernos.<\/p>\n","protected":false},"excerpt":{"rendered":"<p>Este sitio utiliza cookies, peque\u00f1os archivos de texto que se colocan en su m\u00e1quina para ayudar al sitio a brindar una mejor experiencia de usuario. En general, las cookies se utilizan para conservar las preferencias del usuario, almacenar informaci\u00f3n para cosas como carritos de la compra y proporcionar datos de seguimiento an\u00f3nimos a aplicaciones de [&hellip;]<\/p>\n","protected":false},"author":1,"featured_media":0,"parent":0,"menu_order":40,"comment_status":"closed","ping_status":"closed","template":"","meta":{"footnotes":""},"class_list":["post-27935","page","type-page","status-publish","hentry"],"aioseo_notices":[],"_links":{"self":[{"href":"https:\/\/www.deteinco.com\/es\/wp-json\/wp\/v2\/pages\/27935","targetHints":{"allow":["GET"]}}],"collection":[{"href":"https:\/\/www.deteinco.com\/es\/wp-json\/wp\/v2\/pages"}],"about":[{"href":"https:\/\/www.deteinco.com\/es\/wp-json\/wp\/v2\/types\/page"}],"author":[{"embeddable":true,"href":"https:\/\/www.deteinco.com\/es\/wp-json\/wp\/v2\/users\/1"}],"replies":[{"embeddable":true,"href":"https:\/\/www.deteinco.com\/es\/wp-json\/wp\/v2\/comments?post=27935"}],"version-history":[{"count":1,"href":"https:\/\/www.deteinco.com\/es\/wp-json\/wp\/v2\/pages\/27935\/revisions"}],"predecessor-version":[{"id":34503,"href":"https:\/\/www.deteinco.com\/es\/wp-json\/wp\/v2\/pages\/27935\/revisions\/34503"}],"wp:attachment":[{"href":"https:\/\/www.deteinco.com\/es\/wp-json\/wp\/v2\/media?parent=27935"}],"curies":[{"name":"wp","href":"https:\/\/api.w.org\/{rel}","templated":true}]}}