{"id":34113,"date":"2022-02-10T12:38:04","date_gmt":"2022-02-10T11:38:04","guid":{"rendered":"https:\/\/www.deteinco.com\/kit-digital\/"},"modified":"2023-02-16T17:23:44","modified_gmt":"2023-02-16T16:23:44","slug":"kit-digital","status":"publish","type":"page","link":"https:\/\/www.deteinco.com\/es\/kit-digital\/","title":{"rendered":"Kit Digital"},"content":{"rendered":"<p><a href=\"https:\/\/www.deteinco.com\/wp-content\/uploads\/2022\/02\/kit_digital.png\"><img loading=\"lazy\" decoding=\"async\" class=\"aligncenter size-full wp-image-23918\" src=\"https:\/\/www.deteinco.com\/wp-content\/uploads\/2022\/02\/kit_digital.png\" alt=\"\" width=\"213\" height=\"58\" srcset=\"https:\/\/www.deteinco.com\/wp-content\/uploads\/2022\/02\/kit_digital.png 213w, https:\/\/www.deteinco.com\/wp-content\/uploads\/2022\/02\/kit_digital-200x54.png 200w\" sizes=\"auto, (max-width: 213px) 100vw, 213px\" \/><\/a><\/p>\n<p><span class=\"VIiyi\" lang=\"es\"><span class=\"JLqJ4b ChMk0b\" data-language-for-alternatives=\"es\" data-language-to-translate-into=\"ca\" data-phrase-index=\"0\" data-number-of-phrases=\"8\">\u00bfQu\u00e9 es el programa Kit Digital?<\/span> <\/span><\/p>\n<p><span class=\"VIiyi\" lang=\"es\"><span class=\"JLqJ4b ChMk0b\" data-language-for-alternatives=\"es\" data-language-to-translate-into=\"ca\" data-phrase-index=\"2\" data-number-of-phrases=\"8\">Un programa dirigido a pymes y aut\u00f3nomos, del Ministerio de Asuntos Econ\u00f3micos y Transformaci\u00f3n Digital, que les acompa\u00f1a en el proceso de transformaci\u00f3n digital.<\/span> <span class=\"JLqJ4b ChMk0b\" data-language-for-alternatives=\"es\" data-language-to-translate-into=\"ca\" data-phrase-index=\"3\" data-number-of-phrases=\"8\">Porque gracias a la tecnolog\u00eda puedan evolucionar y mejorar el negocio.<\/span> <\/span><\/p>\n<p><span class=\"VIiyi\" lang=\"es\"><span class=\"JLqJ4b ChMk0b\" data-language-for-alternatives=\"es\" data-language-to-translate-into=\"ca\" data-phrase-index=\"5\" data-number-of-phrases=\"8\">\u00bfC\u00f3mo?<\/span> <span class=\"JLqJ4b ChMk0b\" data-language-for-alternatives=\"es\" data-language-to-translate-into=\"ca\" data-phrase-index=\"6\" data-number-of-phrases=\"8\">Con ayudas econ\u00f3micas (bono digital) que les permiten acceder a un gran cat\u00e1logo de soluciones digitales y agentes digitalizadores que ofrecen estos servicios.<\/span> <span class=\"JLqJ4b ChMk0b\" data-language-for-alternatives=\"es\" data-language-to-translate-into=\"ca\" data-phrase-index=\"7\" data-number-of-phrases=\"8\">Tu empresa puede ser una.<\/span><\/span><\/p>\n<p><span class=\"VIiyi\" lang=\"es\"><span class=\"JLqJ4b ChMk0b\" data-language-for-alternatives=\"es\" data-language-to-translate-into=\"ca\" data-phrase-index=\"0\" data-number-of-phrases=\"1\">Las empresas interesadas en participar pueden encontrar la informaci\u00f3n pertinente en la web \u00ab<a href=\"https:\/\/www.acelerapyme.es\/kit-digital\" target=\"_blank\" rel=\"noopener\">acelerapyme<\/a>\u00ab.<br \/>\n<\/span><\/span><\/p>\n<p>&nbsp;<\/p>\n<p style=\"text-align: left;\"><a href=\"https:\/\/www.deteinco.com\/wp-content\/uploads\/2022\/02\/lloc_web.jpg\"><img loading=\"lazy\" decoding=\"async\" class=\"size-full wp-image-24009\" src=\"https:\/\/www.deteinco.com\/wp-content\/uploads\/2022\/02\/lloc_web.jpg\" alt=\"\" width=\"98\" height=\"94\" \/><\/a><\/p>\n<p><strong><span class=\"VIiyi\" lang=\"es\"><span class=\"JLqJ4b ChMk0b\" data-language-for-alternatives=\"es\" data-language-to-translate-into=\"ca\" data-phrase-index=\"0\" data-number-of-phrases=\"35\">SITIO WEB Y PRESENCIA EN INTERNET<\/span> <\/span><\/strong><\/p>\n<p><span class=\"VIiyi\" lang=\"es\"><span class=\"JLqJ4b ChMk0b\" data-language-for-alternatives=\"es\" data-language-to-translate-into=\"ca\" data-phrase-index=\"2\" data-number-of-phrases=\"35\">Realizamos su p\u00e1gina web adaptada a las necesidades de su empresa o negocio.<\/span> <\/span><\/p>\n<p><span class=\"VIiyi\" lang=\"es\"><span class=\"JLqJ4b ChMk0b\" data-language-for-alternatives=\"es\" data-language-to-translate-into=\"ca\" data-phrase-index=\"4\" data-number-of-phrases=\"35\">De 1.000 \u20ac a 2.000 \u20ac<\/span><\/span><\/p>\n<p>&nbsp;<\/p>\n<p><a href=\"https:\/\/www.deteinco.com\/wp-content\/uploads\/2022\/02\/comercio.jpg\"><img loading=\"lazy\" decoding=\"async\" class=\"alignnone size-full wp-image-24235\" src=\"https:\/\/www.deteinco.com\/wp-content\/uploads\/2022\/02\/comercio.jpg\" alt=\"\" width=\"103\" height=\"101\" \/><\/a><\/p>\n<p><strong><span class=\"VIiyi\" lang=\"es\"><span class=\"JLqJ4b ChMk0b\" data-language-for-alternatives=\"es\" data-language-to-translate-into=\"ca\" data-phrase-index=\"6\" data-number-of-phrases=\"35\">COMERCIO ELECTR\u00d3NICO<\/span> <\/span><\/strong><\/p>\n<p><span class=\"VIiyi\" lang=\"es\"><span class=\"JLqJ4b ChMk0b\" data-language-for-alternatives=\"es\" data-language-to-translate-into=\"ca\" data-phrase-index=\"8\" data-number-of-phrases=\"35\">Si usted desea ofrecer y vender sus productos en internet creamos su comercio electr\u00f3nico a medida.<\/span> <\/span><\/p>\n<p><span class=\"VIiyi\" lang=\"es\"><span class=\"JLqJ4b ChMk0b\" data-language-for-alternatives=\"es\" data-language-to-translate-into=\"ca\" data-phrase-index=\"10\" data-number-of-phrases=\"35\">De 1.000 \u20ac a 2.000 \u20ac<\/span><\/span><\/p>\n<p>&nbsp;<\/p>\n<p><a href=\"https:\/\/www.deteinco.com\/wp-content\/uploads\/2022\/02\/eines.jpg\"><img loading=\"lazy\" decoding=\"async\" class=\"alignnone size-full wp-image-24246\" src=\"https:\/\/www.deteinco.com\/wp-content\/uploads\/2022\/02\/eines.jpg\" alt=\"\" width=\"98\" height=\"103\" \/><\/a><\/p>\n<p><strong><span class=\"VIiyi\" lang=\"es\"><span class=\"JLqJ4b ChMk0b\" data-language-for-alternatives=\"es\" data-language-to-translate-into=\"ca\" data-phrase-index=\"12\" data-number-of-phrases=\"35\">SERVICIOS Y HERRAMIENTAS DE OFICINA VIRTUAL<\/span> <\/span><\/strong><\/p>\n<p><span class=\"VIiyi\" lang=\"es\"><span class=\"JLqJ4b ChMk0b\" data-language-for-alternatives=\"es\" data-language-to-translate-into=\"ca\" data-phrase-index=\"14\" data-number-of-phrases=\"35\">Equipos, software e infraestructura necesaria para crear su oficina virtual.<\/span> <\/span><\/p>\n<p><span class=\"VIiyi\" lang=\"es\"><span class=\"JLqJ4b ChMk0b\" data-language-for-alternatives=\"es\" data-language-to-translate-into=\"ca\" data-phrase-index=\"16\" data-number-of-phrases=\"35\">De 1.000 \u20ac a 12.000 \u20ac<\/span><\/span><\/p>\n<p>&nbsp;<\/p>\n<p><a href=\"https:\/\/www.deteinco.com\/wp-content\/uploads\/2022\/02\/processos.jpg\"><img loading=\"lazy\" decoding=\"async\" class=\"alignnone size-full wp-image-24257\" src=\"https:\/\/www.deteinco.com\/wp-content\/uploads\/2022\/02\/processos.jpg\" alt=\"\" width=\"101\" height=\"98\" \/><\/a><\/p>\n<p><strong><span class=\"VIiyi\" lang=\"es\"><span class=\"JLqJ4b ChMk0b\" data-language-for-alternatives=\"es\" data-language-to-translate-into=\"ca\" data-phrase-index=\"18\" data-number-of-phrases=\"35\">GESTI\u00d3N DE PROCESOS<\/span> <\/span><\/strong><\/p>\n<p><span class=\"VIiyi\" lang=\"es\"><span class=\"JLqJ4b ChMk0b\" data-language-for-alternatives=\"es\" data-language-to-translate-into=\"ca\" data-phrase-index=\"20\" data-number-of-phrases=\"35\">Sistemas de hardware, software y AV para manejar y controlar procesos.<\/span> <\/span><\/p>\n<p><span class=\"VIiyi\" lang=\"es\"><span class=\"JLqJ4b ChMk0b\" data-language-for-alternatives=\"es\" data-language-to-translate-into=\"ca\" data-phrase-index=\"22\" data-number-of-phrases=\"35\">De 1.000 \u20ac a 6.000 \u20ac<\/span><\/span><\/p>\n<p>&nbsp;<\/p>\n<p><a href=\"https:\/\/www.deteinco.com\/wp-content\/uploads\/2022\/02\/comunics.jpg\"><img loading=\"lazy\" decoding=\"async\" class=\"alignnone size-full wp-image-24275\" src=\"https:\/\/www.deteinco.com\/wp-content\/uploads\/2022\/02\/comunics.jpg\" alt=\"\" width=\"106\" height=\"101\" \/><\/a><\/p>\n<p><strong><span class=\"VIiyi\" lang=\"es\"><span class=\"JLqJ4b ChMk0b\" data-language-for-alternatives=\"es\" data-language-to-translate-into=\"ca\" data-phrase-index=\"24\" data-number-of-phrases=\"35\">COMUNICACIONES SEGURAS<\/span> <\/span><\/strong><\/p>\n<p><span class=\"VIiyi\" lang=\"es\"><span class=\"JLqJ4b ChMk0b\" data-language-for-alternatives=\"es\" data-language-to-translate-into=\"ca\" data-phrase-index=\"26\" data-number-of-phrases=\"35\">Sistemas combinados para asegurar las comunicaciones de su empresa.<\/span> <\/span><\/p>\n<p><span class=\"VIiyi\" lang=\"es\"><span class=\"JLqJ4b ChMk0b\" data-language-for-alternatives=\"es\" data-language-to-translate-into=\"ca\" data-phrase-index=\"28\" data-number-of-phrases=\"35\">De 1.000 \u20ac a 6.000 \u20ac<\/span><\/span><\/p>\n<p>&nbsp;<\/p>\n<p><a href=\"https:\/\/www.deteinco.com\/wp-content\/uploads\/2022\/02\/ciber.jpg\"><img loading=\"lazy\" decoding=\"async\" class=\"alignnone size-full wp-image-24284\" src=\"https:\/\/www.deteinco.com\/wp-content\/uploads\/2022\/02\/ciber.jpg\" alt=\"\" width=\"104\" height=\"98\" \/><\/a><\/p>\n<p><strong><span class=\"VIiyi\" lang=\"es\"><span class=\"JLqJ4b ChMk0b\" data-language-for-alternatives=\"es\" data-language-to-translate-into=\"ca\" data-phrase-index=\"30\" data-number-of-phrases=\"35\">CIBERSEGURIDAD<\/span><\/span><\/strong><\/p>\n<p><span class=\"VIiyi\" lang=\"es\"> <span class=\"JLqJ4b ChMk0b\" data-language-for-alternatives=\"es\" data-language-to-translate-into=\"ca\" data-phrase-index=\"32\" data-number-of-phrases=\"35\">Hardware y software de seguridad: antivirus, antihackeo, backup y recuperaci\u00f3n de desastres.<\/span><br \/>\n<\/span><\/p>\n<p><span class=\"VIiyi\" lang=\"es\"><span class=\"JLqJ4b ChMk0b\" data-language-for-alternatives=\"es\" data-language-to-translate-into=\"ca\" data-phrase-index=\"34\" data-number-of-phrases=\"35\">De 1.000 \u20ac a 6.000 \u20ac<\/span><\/span><\/p>\n<p>&nbsp;<\/p>\n<p>&nbsp;<\/p>\n<p style=\"text-align: center;\"><a href=\"https:\/\/www.deteinco.com\/wp-content\/uploads\/2022\/02\/kit_digital_footer.png\"><img loading=\"lazy\" decoding=\"async\" class=\"size-large wp-image-24297 aligncenter\" src=\"https:\/\/www.deteinco.com\/wp-content\/uploads\/2022\/02\/kit_digital_footer-1024x158.png\" alt=\"\" width=\"1024\" height=\"158\" srcset=\"https:\/\/www.deteinco.com\/wp-content\/uploads\/2022\/02\/kit_digital_footer-1024x158.png 1024w, https:\/\/www.deteinco.com\/wp-content\/uploads\/2022\/02\/kit_digital_footer-300x46.png 300w, https:\/\/www.deteinco.com\/wp-content\/uploads\/2022\/02\/kit_digital_footer-768x119.png 768w, https:\/\/www.deteinco.com\/wp-content\/uploads\/2022\/02\/kit_digital_footer-200x31.png 200w, https:\/\/www.deteinco.com\/wp-content\/uploads\/2022\/02\/kit_digital_footer.png 1140w\" sizes=\"auto, (max-width: 1024px) 100vw, 1024px\" \/><\/a><\/p>\n","protected":false},"excerpt":{"rendered":"<p>\u00bfQu\u00e9 es el programa Kit Digital? Un programa dirigido a pymes y aut\u00f3nomos, del Ministerio de Asuntos Econ\u00f3micos y Transformaci\u00f3n Digital, que les acompa\u00f1a en el proceso de transformaci\u00f3n digital. Porque gracias a la tecnolog\u00eda puedan evolucionar y mejorar el negocio. \u00bfC\u00f3mo? Con ayudas econ\u00f3micas (bono digital) que les permiten acceder a un gran cat\u00e1logo [&hellip;]<\/p>\n","protected":false},"author":1,"featured_media":0,"parent":0,"menu_order":0,"comment_status":"closed","ping_status":"closed","template":"","meta":{"footnotes":""},"class_list":["post-34113","page","type-page","status-publish","hentry"],"aioseo_notices":[],"_links":{"self":[{"href":"https:\/\/www.deteinco.com\/es\/wp-json\/wp\/v2\/pages\/34113","targetHints":{"allow":["GET"]}}],"collection":[{"href":"https:\/\/www.deteinco.com\/es\/wp-json\/wp\/v2\/pages"}],"about":[{"href":"https:\/\/www.deteinco.com\/es\/wp-json\/wp\/v2\/types\/page"}],"author":[{"embeddable":true,"href":"https:\/\/www.deteinco.com\/es\/wp-json\/wp\/v2\/users\/1"}],"replies":[{"embeddable":true,"href":"https:\/\/www.deteinco.com\/es\/wp-json\/wp\/v2\/comments?post=34113"}],"version-history":[{"count":2,"href":"https:\/\/www.deteinco.com\/es\/wp-json\/wp\/v2\/pages\/34113\/revisions"}],"predecessor-version":[{"id":34138,"href":"https:\/\/www.deteinco.com\/es\/wp-json\/wp\/v2\/pages\/34113\/revisions\/34138"}],"wp:attachment":[{"href":"https:\/\/www.deteinco.com\/es\/wp-json\/wp\/v2\/media?parent=34113"}],"curies":[{"name":"wp","href":"https:\/\/api.w.org\/{rel}","templated":true}]}}